{"id":102,"date":"2021-03-14T09:45:26","date_gmt":"2021-03-14T09:45:26","guid":{"rendered":"https:\/\/ruizcarmonaabogados.live-website.com:82\/?page_id=102"},"modified":"2021-03-19T10:02:40","modified_gmt":"2021-03-19T10:02:40","slug":"derecho-administrativo","status":"publish","type":"page","link":"https:\/\/ruizcarmonaabogados.es\/index.php\/derecho-administrativo\/","title":{"rendered":"DERECHO ADMINISTRATIVO"},"content":{"rendered":"\n<figure class=\"wp-block-image size-large\"><img loading=\"lazy\" decoding=\"async\" width=\"586\" height=\"391\" src=\"https:\/\/ruizcarmonaabogados.es\/wp-content\/uploads\/2021\/03\/Teclado.png\" alt=\"\" class=\"wp-image-184\" srcset=\"https:\/\/ruizcarmonaabogados.es\/wp-content\/uploads\/2021\/03\/Teclado.png 586w, https:\/\/ruizcarmonaabogados.es\/wp-content\/uploads\/2021\/03\/Teclado-300x200.png 300w\" sizes=\"auto, (max-width: 586px) 100vw, 586px\" \/><\/figure>\n\n\n\n<p>Se interponen frente a la Administraci\u00f3n todo tipo de Reclamaciones Previas y de Reclamaciones Econ\u00f3mico-Administrativas hasta agotar la v\u00eda administrativa.<\/p>\n\n\n\n<p>A su vez, se efect\u00faan las pertinentes actuaciones judiciales ante la Jurisdicci\u00f3n Contencioso-Administrativa mediante el desarrollo de Procedimientos Abreviados, Procedimientos Contencioso-Administrativos y en su caso, de Procedimientos Especiales. Se llevan a cabo las respectivas Ejecuciones tanto dinerarias como no dinerarias.<\/p>\n","protected":false},"excerpt":{"rendered":"<p>Se interponen frente a la Administraci\u00f3n todo tipo de Reclamaciones Previas y de Reclamaciones Econ\u00f3mico-Administrativas hasta agotar la v\u00eda administrativa. A su vez, se efect\u00faan las pertinentes actuaciones judiciales ante la Jurisdicci\u00f3n Contencioso-Administrativa mediante el desarrollo de Procedimientos Abreviados, Procedimientos Contencioso-Administrativos y en su caso, de Procedimientos Especiales. Se llevan a cabo las respectivas Ejecuciones [&hellip;]<\/p>\n","protected":false},"author":1,"featured_media":0,"parent":0,"menu_order":0,"comment_status":"closed","ping_status":"closed","template":"","meta":{"_uag_custom_page_level_css":"","footnotes":""},"class_list":["post-102","page","type-page","status-publish","hentry","entry"],"uagb_featured_image_src":{"full":false,"thumbnail":false,"medium":false,"medium_large":false,"large":false,"1536x1536":false,"2048x2048":false,"ocean-thumb-m":false,"ocean-thumb-ml":false,"ocean-thumb-l":false},"uagb_author_info":{"display_name":"Angel_1945","author_link":"https:\/\/ruizcarmonaabogados.es\/index.php\/author\/angel_1945\/"},"uagb_comment_info":0,"uagb_excerpt":"Se interponen frente a la Administraci\u00f3n todo tipo de Reclamaciones Previas y de Reclamaciones Econ\u00f3mico-Administrativas hasta agotar la v\u00eda administrativa. A su vez, se efect\u00faan las pertinentes actuaciones judiciales ante la Jurisdicci\u00f3n Contencioso-Administrativa mediante el desarrollo de Procedimientos Abreviados, Procedimientos Contencioso-Administrativos y en su caso, de Procedimientos Especiales. Se llevan a cabo las respectivas Ejecuciones&hellip;","_links":{"self":[{"href":"https:\/\/ruizcarmonaabogados.es\/index.php\/wp-json\/wp\/v2\/pages\/102","targetHints":{"allow":["GET"]}}],"collection":[{"href":"https:\/\/ruizcarmonaabogados.es\/index.php\/wp-json\/wp\/v2\/pages"}],"about":[{"href":"https:\/\/ruizcarmonaabogados.es\/index.php\/wp-json\/wp\/v2\/types\/page"}],"author":[{"embeddable":true,"href":"https:\/\/ruizcarmonaabogados.es\/index.php\/wp-json\/wp\/v2\/users\/1"}],"replies":[{"embeddable":true,"href":"https:\/\/ruizcarmonaabogados.es\/index.php\/wp-json\/wp\/v2\/comments?post=102"}],"version-history":[{"count":2,"href":"https:\/\/ruizcarmonaabogados.es\/index.php\/wp-json\/wp\/v2\/pages\/102\/revisions"}],"predecessor-version":[{"id":185,"href":"https:\/\/ruizcarmonaabogados.es\/index.php\/wp-json\/wp\/v2\/pages\/102\/revisions\/185"}],"wp:attachment":[{"href":"https:\/\/ruizcarmonaabogados.es\/index.php\/wp-json\/wp\/v2\/media?parent=102"}],"curies":[{"name":"wp","href":"https:\/\/api.w.org\/{rel}","templated":true}]}}