{"id":154,"date":"2021-03-18T01:55:15","date_gmt":"2021-03-18T01:55:15","guid":{"rendered":"https:\/\/ruizcarmonaabogados.live-website.com\/?page_id=154"},"modified":"2021-03-18T01:55:17","modified_gmt":"2021-03-18T01:55:17","slug":"separaciones-o-divorcios","status":"publish","type":"page","link":"https:\/\/ruizcarmonaabogados.es\/index.php\/separaciones-o-divorcios\/","title":{"rendered":"SEPARACIONES O DIVORCIOS"},"content":{"rendered":"\n<div class=\"wp-block-image\"><figure class=\"aligncenter size-large is-resized\"><img loading=\"lazy\" decoding=\"async\" src=\"https:\/\/ruizcarmonaabogados.es\/wp-content\/uploads\/2021\/03\/anillos.png\" alt=\"\" class=\"wp-image-155\" width=\"403\" height=\"397\" srcset=\"https:\/\/ruizcarmonaabogados.es\/wp-content\/uploads\/2021\/03\/anillos.png 318w, https:\/\/ruizcarmonaabogados.es\/wp-content\/uploads\/2021\/03\/anillos-300x295.png 300w\" sizes=\"auto, (max-width: 403px) 100vw, 403px\" \/><\/figure><\/div>\n\n\n\n<p>Las separaciones o divorcios son situaciones tristes y complicadas en donde hay que resolver muchas cosas importantes tales como, la custodia de los hijos, la vivienda familiar, los ahorros o&nbsp; deudas en com\u00fan\u2026&nbsp; Por ello, se hace necesario estar representado por un aut\u00e9ntico especialista en la materia para evitar disgustos posteriores.<\/p>\n\n\n\n<p>La diferencia entre separaci\u00f3n y divorcio consiste en que, mientras que en las separaciones no se rompe el v\u00ednculo matrimonial, el divorcio s\u00ed supone la ruptura de tal v\u00ednculo impidiendo una futura reconciliaci\u00f3n. Tanto en un caso como en otro el procedimiento puede ser de mutuo acuerdo o contencioso.&nbsp;<\/p>\n\n\n\n<p><strong>MUTUO ACUERDO:<\/strong><\/p>\n\n\n\n<p>Es el procedimiento m\u00e1s ventajoso porque no implica a los menores en el proceso y sus tr\u00e1mites y costes son inferiores, llegando a unos acuerdos que hay que ratificar. En estos acuerdos cobra una especial relevancia la intervenci\u00f3n del profesional, que con su astucia y eficacia, buscar\u00e1 las mejores soluciones para cada caso.<\/p>\n\n\n\n<p><strong>CONTENCIOSO:<\/strong><\/p>\n\n\n\n<p>La falta de acuerdo entre los c\u00f3nyuges acerca de alguno de los puntos legales que debe regular el convenio regulador de divorcio conlleva al divorcio contencioso. En este supuesto, el juez decidir\u00e1 todos los aspectos del divorcio.<\/p>\n\n\n\n<p>El procedimiento se inicia mediante una demanda civil ante los juzgados de familia, en la que junto con la disoluci\u00f3n del v\u00ednculo matrimonial se solicitan medidas derivadas de \u00e9ste (tales como la custodia de los hijos del matrimonio, pensiones de alimentos o compensatorias, el uso y disfrute de la vivienda habitual, el r\u00e9gimen de visitas para el no custodio, etc.).<\/p>\n\n\n\n<p>Posteriormente, la parte contraria ha de contestar, en un plazo de 20 d\u00edas h\u00e1biles a dicha demanda y posteriormente, habr\u00e1 una vista (juicio) o dos vistas, si se solicitan medidas urgentes. Es relevante la actuaci\u00f3n del abogado litigante especialista en esta materia al ser el encargado de explicarle al juez (tanto en la demanda, como en el juicio) cual es la realidad del n\u00facleo familiar y fundamentar la petici\u00f3n de un r\u00e9gimen de custodia u otro, o de una cuant\u00eda determinada en cuanto a la pensi\u00f3n de alimentos\u2026.<\/p>\n\n\n\n<p>La Sentencia judicial resolver\u00e1 sobre:<\/p>\n\n\n\n<ul class=\"wp-block-list\"><li>El tipo de guarda y custodia (materna o paterna en exclusiva, o compartida por ambos).<\/li><li>El r\u00e9gimen de visitas para el no custodio cuando no hay custodia compartida.<\/li><li>La cuant\u00eda y duraci\u00f3n de la pensi\u00f3n de alimentos para los hijos o pensi\u00f3n compensatoria para el exconyuge.<\/li><li>El pago de las deudas en com\u00fan o el abono de los gastos extraordinarios.<\/li><\/ul>\n\n\n\n<p>El procedimiento puede llevarse a cabo mediante la solicitud de medidas previas de urgencia, medidas definitivas, medidas coet\u00e1neas, o medidas cautelares, dependiendo de la urgencia y de las circunstancias que se den en cada caso.<\/p>\n","protected":false},"excerpt":{"rendered":"<p>Las separaciones o divorcios son situaciones tristes y complicadas en donde hay que resolver muchas cosas importantes tales como, la custodia de los hijos, la vivienda familiar, los ahorros o&nbsp; deudas en com\u00fan\u2026&nbsp; Por ello, se hace necesario estar representado por un aut\u00e9ntico especialista en la materia para evitar disgustos posteriores. La diferencia entre separaci\u00f3n [&hellip;]<\/p>\n","protected":false},"author":1,"featured_media":0,"parent":0,"menu_order":0,"comment_status":"closed","ping_status":"closed","template":"","meta":{"_uag_custom_page_level_css":"","footnotes":""},"class_list":["post-154","page","type-page","status-publish","hentry","entry"],"uagb_featured_image_src":{"full":false,"thumbnail":false,"medium":false,"medium_large":false,"large":false,"1536x1536":false,"2048x2048":false,"ocean-thumb-m":false,"ocean-thumb-ml":false,"ocean-thumb-l":false},"uagb_author_info":{"display_name":"Angel_1945","author_link":"https:\/\/ruizcarmonaabogados.es\/index.php\/author\/angel_1945\/"},"uagb_comment_info":0,"uagb_excerpt":"Las separaciones o divorcios son situaciones tristes y complicadas en donde hay que resolver muchas cosas importantes tales como, la custodia de los hijos, la vivienda familiar, los ahorros o&nbsp; deudas en com\u00fan\u2026&nbsp; Por ello, se hace necesario estar representado por un aut\u00e9ntico especialista en la materia para evitar disgustos posteriores. La diferencia entre separaci\u00f3n&hellip;","_links":{"self":[{"href":"https:\/\/ruizcarmonaabogados.es\/index.php\/wp-json\/wp\/v2\/pages\/154","targetHints":{"allow":["GET"]}}],"collection":[{"href":"https:\/\/ruizcarmonaabogados.es\/index.php\/wp-json\/wp\/v2\/pages"}],"about":[{"href":"https:\/\/ruizcarmonaabogados.es\/index.php\/wp-json\/wp\/v2\/types\/page"}],"author":[{"embeddable":true,"href":"https:\/\/ruizcarmonaabogados.es\/index.php\/wp-json\/wp\/v2\/users\/1"}],"replies":[{"embeddable":true,"href":"https:\/\/ruizcarmonaabogados.es\/index.php\/wp-json\/wp\/v2\/comments?post=154"}],"version-history":[{"count":1,"href":"https:\/\/ruizcarmonaabogados.es\/index.php\/wp-json\/wp\/v2\/pages\/154\/revisions"}],"predecessor-version":[{"id":157,"href":"https:\/\/ruizcarmonaabogados.es\/index.php\/wp-json\/wp\/v2\/pages\/154\/revisions\/157"}],"wp:attachment":[{"href":"https:\/\/ruizcarmonaabogados.es\/index.php\/wp-json\/wp\/v2\/media?parent=154"}],"curies":[{"name":"wp","href":"https:\/\/api.w.org\/{rel}","templated":true}]}}