{"id":159,"date":"2021-03-18T02:02:58","date_gmt":"2021-03-18T02:02:58","guid":{"rendered":"https:\/\/ruizcarmonaabogados.live-website.com\/?page_id=159"},"modified":"2021-03-19T09:30:19","modified_gmt":"2021-03-19T09:30:19","slug":"modificacion-de-medidas","status":"publish","type":"page","link":"https:\/\/ruizcarmonaabogados.es\/index.php\/modificacion-de-medidas\/","title":{"rendered":"MODIFICACI\u00d3N DE MEDIDAS"},"content":{"rendered":"\n<figure class=\"wp-block-image size-large\"><img loading=\"lazy\" decoding=\"async\" width=\"590\" height=\"274\" src=\"https:\/\/ruizcarmonaabogados.es\/wp-content\/uploads\/2021\/03\/ModificacionMedidas.png\" alt=\"\" class=\"wp-image-160\" srcset=\"https:\/\/ruizcarmonaabogados.es\/wp-content\/uploads\/2021\/03\/ModificacionMedidas.png 590w, https:\/\/ruizcarmonaabogados.es\/wp-content\/uploads\/2021\/03\/ModificacionMedidas-300x139.png 300w\" sizes=\"auto, (max-width: 590px) 100vw, 590px\" \/><\/figure>\n\n\n\n<p>Si usted desea modificar las medidas que fij\u00f3 la sentencia de divorcio en su d\u00eda, puede hacerlo (Pedir la guarda y custodia compartida, ampliar el r\u00e9gimen de visitas, reducir o incrementar la pensi\u00f3n de alimentos, extinguir la pensi\u00f3n compensatoria\u2026.) porque todo medida adoptada judicialmente o por acuerdos suscritos entre las partes es modificable \u201csiempre que hayan variado sustancialmente las circunstancias tenidas en cuenta al aprobarlas o adoptarlas\u201d.<\/p>\n\n\n\n<p><strong><u>El procedimiento de modificaci\u00f3n de medidas<\/u>:<\/strong><\/p>\n\n\n\n<p>Nuestra Jurisprudencia (Sentencias dictadas por los magistrados espa\u00f1oles) contempla que para que una demanda de modificaci\u00f3n de medidas pueda prosperar se hace necesario que en el proceso quede acreditado debidamente:<\/p>\n\n\n\n<p>&nbsp;1.- Que haya existido una modificaci\u00f3n o alteraci\u00f3n de las circunstancias tenidas en cuenta por los c\u00f3nyuges, o por el Juez, para la adopci\u00f3n de las medidas definitivas establecidas en el Convenio Regulador de la separaci\u00f3n o del divorcio, o en la correspondiente resoluci\u00f3n judicial, de tal manera que las existentes al tiempo de solicitar la modificaci\u00f3n de aquellas medidas sean distintas de las existentes al tiempo de su adopci\u00f3n.<\/p>\n\n\n\n<p>2.- Que dicha modificaci\u00f3n o alteraci\u00f3n de las circunstancias sea esencial y sustancial, es decir, de tal importancia que haga suponer que, de haber existido tales circunstancias al momento de la separaci\u00f3n o el divorcio, se hubieran adoptados medidas distintas, al menos en su cuant\u00eda por lo que hace a las prestaciones econ\u00f3micas.<\/p>\n\n\n\n<p>3.- Que tal modificaci\u00f3n o alteraci\u00f3n de circunstancias no sea espor\u00e1dica o transitoria sino que presente caracteres de estabilidad o de permanencia en el tiempo.<\/p>\n\n\n\n<p>4.- Que el cambio de circunstancias sea imprevisible, excluy\u00e9ndose aquellos supuestos en que, al tiempo de establecerse la medida, ya fue tenida en cuenta una posible modificaci\u00f3n de las circunstancias.<\/p>\n\n\n\n<p>5.- Que esta modificaci\u00f3n no haya sido provocada o buscada voluntariamente o de prop\u00f3sito para obtener una modificaci\u00f3n de las medidas ya adoptadas, sustituy\u00e9ndose por otras que resulten m\u00e1s beneficiosas al solicitante.<\/p>\n\n\n\n<p>En definitiva, el proceso de modificaci\u00f3n de medidas no puede ser una excusa para revisar lo actuado en un procedimiento anterior, ni puede convertirse en una nueva instancia ya que ello vulnerar\u00eda el principio de seguridad jur\u00eddica.<\/p>\n\n\n\n<p><strong>&nbsp;MODIFICACI\u00d3N DEL R\u00c9GIMEN DE CUSTODIA DE LOS HIJOS:<\/strong><\/p>\n\n\n\n<p>Si se pretende la modificaci\u00f3n de medidas de orden personal, en relaci\u00f3n a la guarda y custodia o r\u00e9gimen de visitas, ser\u00e1 preciso acreditar sin ning\u00fan g\u00e9nero de dudas que actualmente tales peticiones constituyen la mejor opci\u00f3n en favor de los menores, cuyo inter\u00e9s debe prevalecer siempre. Es m\u00e1s, cuando la modificaci\u00f3n afecta a medidas relativas al r\u00e9gimen de guarda y custodia de los hijos o a su r\u00e9gimen de comunicaciones y estancias, la consecuci\u00f3n del supremo inter\u00e9s o beneficio del menor obliga a flexibilizar la interpretaci\u00f3n de los requisitos o presupuestos necesarios para considerar existente una esencial alteraci\u00f3n de circunstancias justificativa de la modificaci\u00f3n instada.<\/p>\n\n\n\n<p>Ser\u00e1 el juez quien determine qu\u00e9 forma de guarda es la m\u00e1s conveniente en cada caso atendiendo al inter\u00e9s del menor.&nbsp;<\/p>\n\n\n\n<p><\/p>\n","protected":false},"excerpt":{"rendered":"<p>Si usted desea modificar las medidas que fij\u00f3 la sentencia de divorcio en su d\u00eda, puede hacerlo (Pedir la guarda y custodia compartida, ampliar el r\u00e9gimen de visitas, reducir o incrementar la pensi\u00f3n de alimentos, extinguir la pensi\u00f3n compensatoria\u2026.) porque todo medida adoptada judicialmente o por acuerdos suscritos entre las partes es modificable \u201csiempre que [&hellip;]<\/p>\n","protected":false},"author":1,"featured_media":0,"parent":0,"menu_order":0,"comment_status":"closed","ping_status":"closed","template":"","meta":{"_uag_custom_page_level_css":"","footnotes":""},"class_list":["post-159","page","type-page","status-publish","hentry","entry"],"uagb_featured_image_src":{"full":false,"thumbnail":false,"medium":false,"medium_large":false,"large":false,"1536x1536":false,"2048x2048":false,"ocean-thumb-m":false,"ocean-thumb-ml":false,"ocean-thumb-l":false},"uagb_author_info":{"display_name":"Angel_1945","author_link":"https:\/\/ruizcarmonaabogados.es\/index.php\/author\/angel_1945\/"},"uagb_comment_info":0,"uagb_excerpt":"Si usted desea modificar las medidas que fij\u00f3 la sentencia de divorcio en su d\u00eda, puede hacerlo (Pedir la guarda y custodia compartida, ampliar el r\u00e9gimen de visitas, reducir o incrementar la pensi\u00f3n de alimentos, extinguir la pensi\u00f3n compensatoria\u2026.) porque todo medida adoptada judicialmente o por acuerdos suscritos entre las partes es modificable \u201csiempre que&hellip;","_links":{"self":[{"href":"https:\/\/ruizcarmonaabogados.es\/index.php\/wp-json\/wp\/v2\/pages\/159","targetHints":{"allow":["GET"]}}],"collection":[{"href":"https:\/\/ruizcarmonaabogados.es\/index.php\/wp-json\/wp\/v2\/pages"}],"about":[{"href":"https:\/\/ruizcarmonaabogados.es\/index.php\/wp-json\/wp\/v2\/types\/page"}],"author":[{"embeddable":true,"href":"https:\/\/ruizcarmonaabogados.es\/index.php\/wp-json\/wp\/v2\/users\/1"}],"replies":[{"embeddable":true,"href":"https:\/\/ruizcarmonaabogados.es\/index.php\/wp-json\/wp\/v2\/comments?post=159"}],"version-history":[{"count":3,"href":"https:\/\/ruizcarmonaabogados.es\/index.php\/wp-json\/wp\/v2\/pages\/159\/revisions"}],"predecessor-version":[{"id":180,"href":"https:\/\/ruizcarmonaabogados.es\/index.php\/wp-json\/wp\/v2\/pages\/159\/revisions\/180"}],"wp:attachment":[{"href":"https:\/\/ruizcarmonaabogados.es\/index.php\/wp-json\/wp\/v2\/media?parent=159"}],"curies":[{"name":"wp","href":"https:\/\/api.w.org\/{rel}","templated":true}]}}