{"id":164,"date":"2021-03-18T02:06:36","date_gmt":"2021-03-18T02:06:36","guid":{"rendered":"https:\/\/ruizcarmonaabogados.live-website.com\/?page_id=164"},"modified":"2021-03-18T02:06:37","modified_gmt":"2021-03-18T02:06:37","slug":"liquidacion-patrimonial","status":"publish","type":"page","link":"https:\/\/ruizcarmonaabogados.es\/index.php\/liquidacion-patrimonial\/","title":{"rendered":"LIQUIDACI\u00d3N PATRIMONIAL"},"content":{"rendered":"\n<figure class=\"wp-block-image size-large is-resized\"><img loading=\"lazy\" decoding=\"async\" src=\"https:\/\/ruizcarmonaabogados.es\/wp-content\/uploads\/2021\/03\/liqPatri.png\" alt=\"\" class=\"wp-image-165\" width=\"579\" height=\"572\" srcset=\"https:\/\/ruizcarmonaabogados.es\/wp-content\/uploads\/2021\/03\/liqPatri.png 440w, https:\/\/ruizcarmonaabogados.es\/wp-content\/uploads\/2021\/03\/liqPatri-300x297.png 300w\" sizes=\"auto, (max-width: 579px) 100vw, 579px\" \/><\/figure>\n\n\n\n<p><strong><u>REGIMEN MATRIMONIAL<\/u><\/strong>: La liquidaci\u00f3n del r\u00e9gimen econ\u00f3mico matrimonial se puede realizar por los propios interesados mediante capitulaciones matrimoniales ante Notario o, mediante procedimientos que pueden ser de car\u00e1cter consensual o contencioso.<\/p>\n\n\n\n<p><strong>De car\u00e1cter consensual o de mutuo acuerdo<\/strong>:&nbsp;Los c\u00f3nyuges pueden incluir la liquidaci\u00f3n&nbsp;dentro&nbsp;del contenido del convenio regulador que presenten junto con la demanda de separaci\u00f3n o de divorcio de mutuo acuerdo. O bien, la&nbsp; liquidaci\u00f3n&nbsp; puede&nbsp; realizarse&nbsp; de&nbsp; forma&nbsp; independiente&nbsp; al&nbsp; procedimiento&nbsp; de&nbsp; separaci\u00f3n.<\/p>\n\n\n\n<p><strong>De car\u00e1cter contencioso<\/strong>: Habr\u00e1 que proceder a liquidarlo por v\u00eda judicial mediante un &nbsp;procedimiento espec\u00edfico. Este procedimiento se realizar\u00e1 de manera simult\u00e1nea al de la nulidad, separaci\u00f3n o divorcio, si as\u00ed lo solicita alguno de los c\u00f3nyuges en la demanda o, mediante una nueva demanda. Admitida la demanda, se podr\u00e1 solicitar que se realice un inventario de los bienes y deudas de la sociedad de gananciales y habr\u00e1 de acompa\u00f1arse de una propuesta que incluya los activos y pasivos de los bienes gananciales existentes y, deudas pendientes.<\/p>\n\n\n\n<p>Concluido el inventario (por acuerdo entre los c\u00f3nyuges o, por resoluci\u00f3n judicial) los c\u00f3nyuges presentar\u00e1n una propuesta de liquidaci\u00f3n. Admitida la solicitud de liquidaci\u00f3n, se citar\u00e1 a los c\u00f3nyuges para que lleguen a un acuerdo sobre el reparto pues si no llegan a un acuerdo se proceder\u00e1 al nombramiento de contador. Tras realizarse la partici\u00f3n y la adjudicaci\u00f3n, cada c\u00f3nyuge adquirir\u00e1 la propiedad y la posesi\u00f3n de los bienes que se le otorguen.<\/p>\n\n\n\n<p>&nbsp;<strong><u>EXTINCION DE CONDOMINIO<\/u><\/strong>:<\/p>\n\n\n\n<p>La divisi\u00f3n del bien com\u00fan puede practicarse por los propios copropietarios, por \u00e1rbitros mediadores que se elijan o mediante la acci\u00f3n judicial respectiva.<\/p>\n\n\n\n<ul class=\"wp-block-list\"><li>Por los copropietarios tras acuerdo adoptado por unanimidad mediante la escritura notarial correspondiente. Para hacerlo bien, adem\u00e1s de acudir al notario para firmar la extinci\u00f3n de condominio, el que se quede con la propiedad tiene que suscribir una nueva hipoteca (novaci\u00f3n hipotecaria) a fin de que el que ha dejado de ser propietario deje de ser deudor de la hipoteca que se firm\u00f3 en su d\u00eda. &nbsp;Fiscalmente no se tributa por ITP ni por plusval\u00edas<\/li><li>Por \u00e1rbitros nombrados por las partes.<\/li><li>Por acci\u00f3n Judicial &#8220;Actio communi dividendo&#8221; que se tramitar\u00e1 mediante el proceso declarativo que corresponda seg\u00fan la cuant\u00eda del pleito. En caso de no acuerdo, se terminar\u00e1 el asunto mediante &nbsp;venta en p\u00fablica subasta del bien litigioso.<\/li><\/ul>\n\n\n\n<p><strong><u>TESTAMENTOS Y HERENCIAS<\/u><\/strong>:<\/p>\n\n\n\n<p>El&nbsp;<strong>TESTAMENTO<\/strong>&nbsp;es el documento o instrumento jur\u00eddico por el cual se dispone y ordena la sucesi\u00f3n de las personas para despu\u00e9s de su muerte.&nbsp; El testamento es siempre revocable y por ello, puede ser sustituido o cambiado en cualquier momento.<\/p>\n\n\n\n<p>Si no existe testamento, nos encontramos ante la declaraci\u00f3n de herederos abintestato: \u201cQuienes se consideren con derecho a suceder abintestato a una persona fallecida y sean sus descendientes, ascendientes, c\u00f3nyuge o persona unida por an\u00e1loga relaci\u00f3n de afectividad a la conyugal, o sus parientes colaterales, podr\u00e1n instar la declaraci\u00f3n de herederos abintestato\u201d. Esta se tramitar\u00e1 ante Notario mediante acta de notoriedad.<\/p>\n\n\n\n<p><strong>HERENCIAS: &nbsp;<\/strong>Cuando fallece una persona, sus bienes, y si las tiene, sus deudas, pasa a los herederos que se\u00f1ale su \u00faltimo testamento o en defecto de \u00e9ste, la Ley.<\/p>\n\n\n\n<p>Documentos para la declaracion de herederos:<\/p>\n\n\n\n<p>&#8211; El certificado de defunci\u00f3n: se consigue en el Registro Civil de la localidad donde se produjo el fallecimiento (aunque sea distinto del domicilio habitual del fallecido).<\/p>\n\n\n\n<p>&#8211; El certificado del Registro de Actos de \u00daltima Voluntad: para ver si una persona ha hecho testamento, y si lo ha hecho, para conocer d\u00f3nde y cu\u00e1ndo hizo el \u00faltimo.<\/p>\n\n\n\n<p>&#8211;&nbsp;Si hay testamento: Hay que pedir una copia aut\u00e9ntica en el despacho del Notario donde se hizo.<\/p>\n\n\n\n<p>&#8211; Si no hay testamento: Habr\u00e1 que hacer la declaraci\u00f3n de herederos, notarial o judicial, seg\u00fan los casos.<\/p>\n\n\n\n<p><strong>PARTICION DE LA HERENCIA<\/strong>:<\/p>\n\n\n\n<p><strong>Si hay testamento<\/strong>: se realizar\u00e1 mediante escritura notarial por todos los herederos y legatarios, as\u00ed como los que tienen derecho a leg\u00edtima, se les adjudique algo o no en el testamento.<\/p>\n\n\n\n<p><strong>Si no hay testamento<\/strong>: por todos los que sean herederos seg\u00fan la declaraci\u00f3n de herederos. Si uno de los interesados no est\u00e1 de acuerdo y no quiere firmar la escritura, hay acudir al juez para que nombre un contador partidor judicial que reparta los bienes de manera obligatoria entre los herederos o, para embarcarse en un pleito judicial sobre la materia.<\/p>\n\n\n\n<p>Si el fallecido estaba casado en r\u00e9gimen de gananciales, con el c\u00f3nyuge viudo se har\u00e1 adem\u00e1s la liquidaci\u00f3n de la sociedad conyugal (es decir, determinar\u00e1 qu\u00e9 bienes corresponden al viudo por su mitad en esta sociedad, y cu\u00e1les son la herencia del fallecido).&nbsp;<\/p>\n\n\n\n<p>Tras formalizarse la adjudicaci\u00f3n y partici\u00f3n de la herencia se deber\u00e1 presentar, en el plazo m\u00e1ximo de 6 meses desde el fallecimiento (con posibilidad de pr\u00f3rroga) el Impuesto de sucesiones.<\/p>\n","protected":false},"excerpt":{"rendered":"<p>REGIMEN MATRIMONIAL: La liquidaci\u00f3n del r\u00e9gimen econ\u00f3mico matrimonial se puede realizar por los propios interesados mediante capitulaciones matrimoniales ante Notario o, mediante procedimientos que pueden ser de car\u00e1cter consensual o contencioso. De car\u00e1cter consensual o de mutuo acuerdo:&nbsp;Los c\u00f3nyuges pueden incluir la liquidaci\u00f3n&nbsp;dentro&nbsp;del contenido del convenio regulador que presenten junto con la demanda de separaci\u00f3n [&hellip;]<\/p>\n","protected":false},"author":1,"featured_media":0,"parent":0,"menu_order":0,"comment_status":"closed","ping_status":"closed","template":"","meta":{"_uag_custom_page_level_css":"","footnotes":""},"class_list":["post-164","page","type-page","status-publish","hentry","entry"],"uagb_featured_image_src":{"full":false,"thumbnail":false,"medium":false,"medium_large":false,"large":false,"1536x1536":false,"2048x2048":false,"ocean-thumb-m":false,"ocean-thumb-ml":false,"ocean-thumb-l":false},"uagb_author_info":{"display_name":"Angel_1945","author_link":"https:\/\/ruizcarmonaabogados.es\/index.php\/author\/angel_1945\/"},"uagb_comment_info":0,"uagb_excerpt":"REGIMEN MATRIMONIAL: La liquidaci\u00f3n del r\u00e9gimen econ\u00f3mico matrimonial se puede realizar por los propios interesados mediante capitulaciones matrimoniales ante Notario o, mediante procedimientos que pueden ser de car\u00e1cter consensual o contencioso. De car\u00e1cter consensual o de mutuo acuerdo:&nbsp;Los c\u00f3nyuges pueden incluir la liquidaci\u00f3n&nbsp;dentro&nbsp;del contenido del convenio regulador que presenten junto con la demanda de separaci\u00f3n&hellip;","_links":{"self":[{"href":"https:\/\/ruizcarmonaabogados.es\/index.php\/wp-json\/wp\/v2\/pages\/164","targetHints":{"allow":["GET"]}}],"collection":[{"href":"https:\/\/ruizcarmonaabogados.es\/index.php\/wp-json\/wp\/v2\/pages"}],"about":[{"href":"https:\/\/ruizcarmonaabogados.es\/index.php\/wp-json\/wp\/v2\/types\/page"}],"author":[{"embeddable":true,"href":"https:\/\/ruizcarmonaabogados.es\/index.php\/wp-json\/wp\/v2\/users\/1"}],"replies":[{"embeddable":true,"href":"https:\/\/ruizcarmonaabogados.es\/index.php\/wp-json\/wp\/v2\/comments?post=164"}],"version-history":[{"count":1,"href":"https:\/\/ruizcarmonaabogados.es\/index.php\/wp-json\/wp\/v2\/pages\/164\/revisions"}],"predecessor-version":[{"id":167,"href":"https:\/\/ruizcarmonaabogados.es\/index.php\/wp-json\/wp\/v2\/pages\/164\/revisions\/167"}],"wp:attachment":[{"href":"https:\/\/ruizcarmonaabogados.es\/index.php\/wp-json\/wp\/v2\/media?parent=164"}],"curies":[{"name":"wp","href":"https:\/\/api.w.org\/{rel}","templated":true}]}}