{"id":58,"date":"2021-03-14T08:07:24","date_gmt":"2021-03-14T08:07:24","guid":{"rendered":"https:\/\/ruizcarmonaabogados.live-website.com:82\/?page_id=58"},"modified":"2021-03-19T10:33:42","modified_gmt":"2021-03-19T10:33:42","slug":"derecho-de-familia","status":"publish","type":"page","link":"https:\/\/ruizcarmonaabogados.es\/index.php\/derecho-de-familia\/","title":{"rendered":"DERECHO DE FAMILIA"},"content":{"rendered":"\n<figure class=\"wp-block-image size-large\"><img loading=\"lazy\" decoding=\"async\" width=\"820\" height=\"539\" src=\"https:\/\/ruizcarmonaabogados.es\/wp-content\/uploads\/2021\/03\/1300.jpg\" alt=\"\" class=\"wp-image-151\" srcset=\"https:\/\/ruizcarmonaabogados.es\/wp-content\/uploads\/2021\/03\/1300.jpg 820w, https:\/\/ruizcarmonaabogados.es\/wp-content\/uploads\/2021\/03\/1300-300x197.jpg 300w, https:\/\/ruizcarmonaabogados.es\/wp-content\/uploads\/2021\/03\/1300-768x505.jpg 768w\" sizes=\"auto, (max-width: 820px) 100vw, 820px\" \/><\/figure>\n\n\n\n<p><strong>RUIZ CARMONA ABOGADOS<\/strong>&nbsp;es un despacho dedicado principalmente al derecho matrimonial y de familia que tiene amplios conocimientos en la materia al contar con m\u00e1s de veinticinco a\u00f1os de experiencia acreditada en el derecho matrimonial, de ah\u00ed que, ofrezcamos un servicio de m\u00e1xima calidad a nuestros clientes.<\/p>\n\n\n\n<p>Somos especialistas en:<\/p>\n\n\n\n<ul class=\"wp-block-list\"><li>Divorcio o separaci\u00f3n de mutuo acuerdo o Express.<\/li><li>Demanda de relaciones paterno-filiales de mutuo acuerdo para parejas No casadas.<\/li><li>Divorcio contencioso.<\/li><li>Demanda de relaciones paterno-filiales (parejas No casadas) contenciosa.<\/li><li>Modificaci\u00f3n de medidas de la sentencia judicial de divorcio.&nbsp;<\/li><li>Capitulaciones matrimoniales (Separaci\u00f3n de bienes).<\/li><li>Liquidaci\u00f3n de mutuo acuerdo o contenciosa de la sociedad de gananciales.<\/li><li>Liquidaci\u00f3n de mutuo acuerdo o contenciosa del r\u00e9gimen de separaci\u00f3n de bienes.<\/li><li>Demanda ejecutiva por impago de pensiones o por incumplimiento de convenio.<\/li><li>Especialistas en procedimiento de extinci\u00f3n de la cosa com\u00fan o condominio (cese de la vivienda en com\u00fan).<\/li><li>Herencia de mutuo acuerdo y contenciosa.<\/li><\/ul>\n","protected":false},"excerpt":{"rendered":"<p>RUIZ CARMONA ABOGADOS&nbsp;es un despacho dedicado principalmente al derecho matrimonial y de familia que tiene amplios conocimientos en la materia al contar con m\u00e1s de veinticinco a\u00f1os de experiencia acreditada en el derecho matrimonial, de ah\u00ed que, ofrezcamos un servicio de m\u00e1xima calidad a nuestros clientes. Somos especialistas en: Divorcio o separaci\u00f3n de mutuo acuerdo [&hellip;]<\/p>\n","protected":false},"author":1,"featured_media":0,"parent":0,"menu_order":0,"comment_status":"closed","ping_status":"closed","template":"","meta":{"_uag_custom_page_level_css":"","footnotes":""},"class_list":["post-58","page","type-page","status-publish","hentry","entry"],"uagb_featured_image_src":{"full":false,"thumbnail":false,"medium":false,"medium_large":false,"large":false,"1536x1536":false,"2048x2048":false,"ocean-thumb-m":false,"ocean-thumb-ml":false,"ocean-thumb-l":false},"uagb_author_info":{"display_name":"Angel_1945","author_link":"https:\/\/ruizcarmonaabogados.es\/index.php\/author\/angel_1945\/"},"uagb_comment_info":0,"uagb_excerpt":"RUIZ CARMONA ABOGADOS&nbsp;es un despacho dedicado principalmente al derecho matrimonial y de familia que tiene amplios conocimientos en la materia al contar con m\u00e1s de veinticinco a\u00f1os de experiencia acreditada en el derecho matrimonial, de ah\u00ed que, ofrezcamos un servicio de m\u00e1xima calidad a nuestros clientes. Somos especialistas en: Divorcio o separaci\u00f3n de mutuo acuerdo&hellip;","_links":{"self":[{"href":"https:\/\/ruizcarmonaabogados.es\/index.php\/wp-json\/wp\/v2\/pages\/58","targetHints":{"allow":["GET"]}}],"collection":[{"href":"https:\/\/ruizcarmonaabogados.es\/index.php\/wp-json\/wp\/v2\/pages"}],"about":[{"href":"https:\/\/ruizcarmonaabogados.es\/index.php\/wp-json\/wp\/v2\/types\/page"}],"author":[{"embeddable":true,"href":"https:\/\/ruizcarmonaabogados.es\/index.php\/wp-json\/wp\/v2\/users\/1"}],"replies":[{"embeddable":true,"href":"https:\/\/ruizcarmonaabogados.es\/index.php\/wp-json\/wp\/v2\/comments?post=58"}],"version-history":[{"count":4,"href":"https:\/\/ruizcarmonaabogados.es\/index.php\/wp-json\/wp\/v2\/pages\/58\/revisions"}],"predecessor-version":[{"id":152,"href":"https:\/\/ruizcarmonaabogados.es\/index.php\/wp-json\/wp\/v2\/pages\/58\/revisions\/152"}],"wp:attachment":[{"href":"https:\/\/ruizcarmonaabogados.es\/index.php\/wp-json\/wp\/v2\/media?parent=58"}],"curies":[{"name":"wp","href":"https:\/\/api.w.org\/{rel}","templated":true}]}}