{"id":81,"date":"2021-03-14T08:48:24","date_gmt":"2021-03-14T08:48:24","guid":{"rendered":"https:\/\/ruizcarmonaabogados.live-website.com:82\/?page_id=81"},"modified":"2021-03-19T09:32:05","modified_gmt":"2021-03-19T09:32:05","slug":"derecho-civil","status":"publish","type":"page","link":"https:\/\/ruizcarmonaabogados.es\/index.php\/derecho-civil\/","title":{"rendered":"DERECHO CIVIL"},"content":{"rendered":"\n<div class=\"wp-block-columns is-layout-flex wp-container-core-columns-is-layout-9d6595d7 wp-block-columns-is-layout-flex\">\n<div class=\"wp-block-column is-layout-flow wp-block-column-is-layout-flow\" style=\"flex-basis:33.33%\">\n<p class=\"has-black-color has-text-color\"><a href=\"https:\/\/ruizcarmonaabogados.es\/index.php\/derecho-de-familia\/\" data-type=\"page\">DERECHO DE FAMILIA<\/a><\/p>\n\n\n\n<p class=\"has-black-color has-text-color\"><a href=\"https:\/\/ruizcarmonaabogados.es\/index.php\/derecho-civil\/\">DERECHO CIVIL<\/a><\/p>\n\n\n\n<p class=\"has-black-color has-text-color\"><a href=\"https:\/\/ruizcarmonaabogados.es\/index.php\/derecho-laboral\">DERECHO LABORAL<\/a><\/p>\n\n\n\n<p class=\"has-black-color has-text-color\"><a href=\"https:\/\/ruizcarmonaabogados.es\/index.php\/derecho-administrativo\">DERECHO ADMINISTRATIVO<\/a><\/p>\n<\/div>\n\n\n\n<div class=\"wp-block-column is-layout-flow wp-block-column-is-layout-flow\" style=\"flex-basis:66.66%\">\n<figure class=\"wp-block-image size-large\"><img loading=\"lazy\" decoding=\"async\" width=\"1024\" height=\"766\" src=\"https:\/\/ruizcarmonaabogados.es:82\/wp-content\/uploads\/2021\/03\/cache_4081680.png\" alt=\"\" class=\"wp-image-87\" srcset=\"https:\/\/ruizcarmonaabogados.es\/wp-content\/uploads\/2021\/03\/cache_4081680.png 1024w, https:\/\/ruizcarmonaabogados.es\/wp-content\/uploads\/2021\/03\/cache_4081680-300x224.png 300w, https:\/\/ruizcarmonaabogados.es\/wp-content\/uploads\/2021\/03\/cache_4081680-768x575.png 768w\" sizes=\"auto, (max-width: 1024px) 100vw, 1024px\" \/><\/figure>\n\n\n\n<div class=\"wp-block-columns is-layout-flex wp-container-core-columns-is-layout-9d6595d7 wp-block-columns-is-layout-flex\">\n<div class=\"wp-block-column is-layout-flow wp-block-column-is-layout-flow\">\n<p><strong>ACTUACIONES CIVILES:<\/strong><\/p>\n<\/div>\n<\/div>\n\n\n\n<p>Se realizan todo tipo de actuaciones civiles tanto extrajudiciales como judiciales para reclamaciones de cantidad, desahucios, interdictos, impugnaciones de acuerdos, arrendamientos, contratos de compraventas y dem\u00e1s&#8230;<\/p>\n\n\n\n<p>A su vez se tramitan judicialmente (en todas sus fases) los procedimientos: Monitorios, Cambiarios, Verbales y Ordinarios, Ejecutivos, de Exequ\u00e1tur y, se interponen en su caso, los pertinenetes recursos de Apelaci\u00f3n, de Casaci\u00f3n, de Queja, Extraordinarios&#8230;<\/p>\n\n\n\n<p><strong>DERECHO BANCARIO E HIPOTECARIO:<\/strong><\/p>\n\n\n\n<p>Se estudian y anallizan las cla\u00fasulas hipotecarias de su vivienda, a saber, si existen o no cla\u00fasulas abusivas que deben ser declaradas nulas ya que son m\u00e1s frecuentes de lo que se piensa: elevados intereses moratorios, cla\u00fasulas suelo, redondeo al alza, etc.<\/p>\n\n\n\n<p>Ante una ejecuci\u00f3n hipotecaria se debe actuar, por ello, se tramitan todo tipo de ejecuciones hipotecarias junto con las impugnaciones de las mismas en su caso.<\/p>\n<\/div>\n<\/div>\n\n\n\n<div class=\"wp-block-columns is-layout-flex wp-container-core-columns-is-layout-9d6595d7 wp-block-columns-is-layout-flex\">\n<div class=\"wp-block-column is-layout-flow wp-block-column-is-layout-flow\" style=\"flex-basis:100%\"><\/div>\n<\/div>\n","protected":false},"excerpt":{"rendered":"<p>DERECHO DE FAMILIA DERECHO CIVIL DERECHO LABORAL DERECHO ADMINISTRATIVO ACTUACIONES CIVILES: Se realizan todo tipo de actuaciones civiles tanto extrajudiciales como judiciales para reclamaciones de cantidad, desahucios, interdictos, impugnaciones de acuerdos, arrendamientos, contratos de compraventas y dem\u00e1s&#8230; A su vez se tramitan judicialmente (en todas sus fases) los procedimientos: Monitorios, Cambiarios, Verbales y Ordinarios, Ejecutivos, [&hellip;]<\/p>\n","protected":false},"author":1,"featured_media":0,"parent":0,"menu_order":0,"comment_status":"closed","ping_status":"closed","template":"","meta":{"_uag_custom_page_level_css":"","footnotes":""},"class_list":["post-81","page","type-page","status-publish","hentry","entry"],"uagb_featured_image_src":{"full":false,"thumbnail":false,"medium":false,"medium_large":false,"large":false,"1536x1536":false,"2048x2048":false,"ocean-thumb-m":false,"ocean-thumb-ml":false,"ocean-thumb-l":false},"uagb_author_info":{"display_name":"Angel_1945","author_link":"https:\/\/ruizcarmonaabogados.es\/index.php\/author\/angel_1945\/"},"uagb_comment_info":0,"uagb_excerpt":"DERECHO DE FAMILIA DERECHO CIVIL DERECHO LABORAL DERECHO ADMINISTRATIVO ACTUACIONES CIVILES: Se realizan todo tipo de actuaciones civiles tanto extrajudiciales como judiciales para reclamaciones de cantidad, desahucios, interdictos, impugnaciones de acuerdos, arrendamientos, contratos de compraventas y dem\u00e1s&#8230; A su vez se tramitan judicialmente (en todas sus fases) los procedimientos: Monitorios, Cambiarios, Verbales y Ordinarios, Ejecutivos,&hellip;","_links":{"self":[{"href":"https:\/\/ruizcarmonaabogados.es\/index.php\/wp-json\/wp\/v2\/pages\/81","targetHints":{"allow":["GET"]}}],"collection":[{"href":"https:\/\/ruizcarmonaabogados.es\/index.php\/wp-json\/wp\/v2\/pages"}],"about":[{"href":"https:\/\/ruizcarmonaabogados.es\/index.php\/wp-json\/wp\/v2\/types\/page"}],"author":[{"embeddable":true,"href":"https:\/\/ruizcarmonaabogados.es\/index.php\/wp-json\/wp\/v2\/users\/1"}],"replies":[{"embeddable":true,"href":"https:\/\/ruizcarmonaabogados.es\/index.php\/wp-json\/wp\/v2\/comments?post=81"}],"version-history":[{"count":13,"href":"https:\/\/ruizcarmonaabogados.es\/index.php\/wp-json\/wp\/v2\/pages\/81\/revisions"}],"predecessor-version":[{"id":182,"href":"https:\/\/ruizcarmonaabogados.es\/index.php\/wp-json\/wp\/v2\/pages\/81\/revisions\/182"}],"wp:attachment":[{"href":"https:\/\/ruizcarmonaabogados.es\/index.php\/wp-json\/wp\/v2\/media?parent=81"}],"curies":[{"name":"wp","href":"https:\/\/api.w.org\/{rel}","templated":true}]}}