{"id":98,"date":"2021-03-14T09:44:11","date_gmt":"2021-03-14T09:44:11","guid":{"rendered":"https:\/\/ruizcarmonaabogados.live-website.com:82\/?page_id=98"},"modified":"2021-03-19T16:17:50","modified_gmt":"2021-03-19T16:17:50","slug":"derecho-laboral","status":"publish","type":"page","link":"https:\/\/ruizcarmonaabogados.es\/index.php\/derecho-laboral\/","title":{"rendered":"DERECHO LABORAL"},"content":{"rendered":"\n<div class=\"wp-block-image\"><figure class=\"aligncenter size-large is-resized\"><img loading=\"lazy\" decoding=\"async\" src=\"https:\/\/ruizcarmonaabogados.es\/wp-content\/uploads\/2021\/03\/laboral.png\" alt=\"\" class=\"wp-image-214\" width=\"712\" height=\"529\" srcset=\"https:\/\/ruizcarmonaabogados.es\/wp-content\/uploads\/2021\/03\/laboral.png 587w, https:\/\/ruizcarmonaabogados.es\/wp-content\/uploads\/2021\/03\/laboral-300x223.png 300w\" sizes=\"auto, (max-width: 712px) 100vw, 712px\" \/><\/figure><\/div>\n\n\n\n<p><strong>POR PARTE DE LA EMPRESA<\/strong>:&nbsp; Se confeccionan y expiden todo tipo de contratos laborales y mercantiles, los recibos de salario del personal, los partes de ILT de los trabajadores, los seguros sociales (relaci\u00f3n nominal y liquidaci\u00f3n), las altas y bajas ante la seguridad social del personal, las declaraciones del IRPF trimestrales y anuales\u2026<\/p>\n\n\n\n<p>A su vez, se realizan actuaciones tanto judiciales como extrajudiciales ante la Inspecci\u00f3n de Trabajo (con posible impugnaci\u00f3n de sus Actas) ante la Administraci\u00f3n de la Seguridad Social (con posible impugnaci\u00f3n de sus Resoluciones), ante la Administraci\u00f3n Tributaria (con posible impugnaci\u00f3n de Liquidaciones y actuaciones complementarias), ante la Jurisdicci\u00f3n Social\u2026.<\/p>\n\n\n\n<p><strong>POR PARTE DEL TRABAJADOR<\/strong>: Se tramita la defensa del trabajador ante una posible vulneraci\u00f3n de sus derechos laborales ya sea mediante la interposici\u00f3n de Procedimientos Monitorios o de reclamaciones de cantidad, la impugnaci\u00f3n de sanciones disciplinarias, tramitaci\u00f3n de procedimientos de despido, ERTES, Reclamaciones ante la Seguridad Social, Ejecuciones de sentencias \u2026y la posible interposici\u00f3n de Recursos de Suplicaci\u00f3n, Casaci\u00f3n o de Revisi\u00f3n en caso necesario.<\/p>\n","protected":false},"excerpt":{"rendered":"<p>POR PARTE DE LA EMPRESA:&nbsp; Se confeccionan y expiden todo tipo de contratos laborales y mercantiles, los recibos de salario del personal, los partes de ILT de los trabajadores, los seguros sociales (relaci\u00f3n nominal y liquidaci\u00f3n), las altas y bajas ante la seguridad social del personal, las declaraciones del IRPF trimestrales y anuales\u2026 A su [&hellip;]<\/p>\n","protected":false},"author":1,"featured_media":0,"parent":0,"menu_order":0,"comment_status":"closed","ping_status":"closed","template":"","meta":{"_uag_custom_page_level_css":"","footnotes":""},"class_list":["post-98","page","type-page","status-publish","hentry","entry"],"uagb_featured_image_src":{"full":false,"thumbnail":false,"medium":false,"medium_large":false,"large":false,"1536x1536":false,"2048x2048":false,"ocean-thumb-m":false,"ocean-thumb-ml":false,"ocean-thumb-l":false},"uagb_author_info":{"display_name":"Angel_1945","author_link":"https:\/\/ruizcarmonaabogados.es\/index.php\/author\/angel_1945\/"},"uagb_comment_info":0,"uagb_excerpt":"POR PARTE DE LA EMPRESA:&nbsp; Se confeccionan y expiden todo tipo de contratos laborales y mercantiles, los recibos de salario del personal, los partes de ILT de los trabajadores, los seguros sociales (relaci\u00f3n nominal y liquidaci\u00f3n), las altas y bajas ante la seguridad social del personal, las declaraciones del IRPF trimestrales y anuales\u2026 A su&hellip;","_links":{"self":[{"href":"https:\/\/ruizcarmonaabogados.es\/index.php\/wp-json\/wp\/v2\/pages\/98","targetHints":{"allow":["GET"]}}],"collection":[{"href":"https:\/\/ruizcarmonaabogados.es\/index.php\/wp-json\/wp\/v2\/pages"}],"about":[{"href":"https:\/\/ruizcarmonaabogados.es\/index.php\/wp-json\/wp\/v2\/types\/page"}],"author":[{"embeddable":true,"href":"https:\/\/ruizcarmonaabogados.es\/index.php\/wp-json\/wp\/v2\/users\/1"}],"replies":[{"embeddable":true,"href":"https:\/\/ruizcarmonaabogados.es\/index.php\/wp-json\/wp\/v2\/comments?post=98"}],"version-history":[{"count":6,"href":"https:\/\/ruizcarmonaabogados.es\/index.php\/wp-json\/wp\/v2\/pages\/98\/revisions"}],"predecessor-version":[{"id":220,"href":"https:\/\/ruizcarmonaabogados.es\/index.php\/wp-json\/wp\/v2\/pages\/98\/revisions\/220"}],"wp:attachment":[{"href":"https:\/\/ruizcarmonaabogados.es\/index.php\/wp-json\/wp\/v2\/media?parent=98"}],"curies":[{"name":"wp","href":"https:\/\/api.w.org\/{rel}","templated":true}]}}